{"id":7208,"date":"2018-12-12T09:50:15","date_gmt":"2018-12-12T08:50:15","guid":{"rendered":"https:\/\/www.flligentili.com\/infinity-varebilinnredning\/standard-kits\/"},"modified":"2025-11-04T15:49:12","modified_gmt":"2025-11-04T14:49:12","slug":"standard-kit","status":"publish","type":"page","link":"https:\/\/www.flligentili.com\/nb\/infinity-varebilinnredning\/standard-kit\/","title":{"rendered":"Infinity standard kit"},"content":{"rendered":"<p>[vc_row css=&#8221;.vc_custom_1544541341664{padding-top: 80px !important;padding-bottom: 80px !important;}&#8221;][vc_column][vc_column_text css=&#8221;.vc_custom_1762263257121{margin-bottom: 0px !important;border-bottom-width: 0px !important;padding-bottom: 10px !important;}&#8221;]<div class=\"mfn_heading  align_center\"><h1 class=\"title\" >Infinity standard kit<\/h1><\/div>\n[\/vc_column_text][vc_column_text]<div class=\"image_frame image_item no_link scale-with-grid aligncenter no_border\" ><div class=\"image_wrapper\"><img class=\"scale-with-grid\" src=\"http:\/\/www.flligentili.com\/wp-content\/uploads\/2018\/12\/linea_sep_blu.png\" alt=\"\" title=\"\" width=\"151\" height=\"5\"\/><\/div><\/div>\n[\/vc_column_text][vc_column_text]<div class=\"button_align align_center\"><a class=\"button  button_left button_size_2 button_js\" href=\"https:\/\/www.flligentili.com\/nb\/infinity-varebilinnredning\/\" style=\"background-color:#fff!important;color:#00355B;\"    ><span class=\"button_icon\"><i class=\"icon-left-open-mini\"  style=\"color:#00355B!important;\"><\/i><\/span><span class=\"button_label\">Tilbake<\/span><\/a><\/div>\n[\/vc_column_text][\/vc_column][\/vc_row][vc_row full_width=&#8221;stretch_row&#8221; css=&#8221;.vc_custom_1544542050812{background-color: #ffffff !important;background-position: center !important;background-repeat: no-repeat !important;background-size: contain !important;}&#8221;][vc_column width=&#8221;1\/3&#8243;][vc_column_text]<\/p>\n<h2>SERIES 10<\/h2>\n<div class=\"image_frame image_item no_link scale-with-grid alignnone no_border\" ><div class=\"image_wrapper\"><img class=\"scale-with-grid\" src=\"http:\/\/www.flligentili.com\/wp-content\/uploads\/2018\/12\/Icona-Fugoni_SERIE-10-e-20.png\" alt=\"\" title=\"\" width=\"300\" height=\"50\"\/><\/div><\/div>\n\n<p>&nbsp;<\/p>\n<p class=\"big\">Anbefalt for f\u00f8lgende kj\u00f8ret\u00f8y;<br \/>\n<strong>\u2022<\/strong> Fiat Dobl\u00f2<br \/>\n<strong>\u2022<\/strong> Opel Combo<br \/>\n<strong>\u2022<\/strong> Peugeot Partner<br \/>\n<strong>\u2022<\/strong> Citroen Berlingo<br \/>\n<strong>\u2022<\/strong> Nissan NV200<\/p>\n<p>[\/vc_column_text][\/vc_column][vc_column width=&#8221;2\/3&#8243;][vc_images_carousel images=&#8221;2361,2366,2365,2364,2363,2362&#8243; img_size=&#8221;large&#8221;][\/vc_column][\/vc_row][vc_row full_width=&#8221;stretch_row&#8221; css=&#8221;.vc_custom_1544711437817{border-top-width: 1px !important;background-color: #ffffff !important;background-position: center !important;background-repeat: no-repeat !important;background-size: contain !important;border-top-color: #eaeaea !important;border-top-style: solid !important;}&#8221;][vc_column width=&#8221;1\/3&#8243;][vc_column_text]<\/p>\n<h2>SERIES 20<\/h2>\n<div class=\"image_frame image_item no_link scale-with-grid alignnone no_border\" ><div class=\"image_wrapper\"><img class=\"scale-with-grid\" src=\"http:\/\/www.flligentili.com\/wp-content\/uploads\/2018\/12\/Icona-Fugoni_SERIE-10-e-20.png\" alt=\"\" title=\"\" width=\"300\" height=\"50\"\/><\/div><\/div>\n\n<p>&nbsp;<\/p>\n<p class=\"big\">Anbefalt for f\u00f8lgende kj\u00f8ret\u00f8y;<br \/>\n<strong>\u2022<\/strong> Volkswagen Caddy<br \/>\n<strong>\u2022<\/strong> Renault Kangoo<br \/>\n<strong>\u2022<\/strong> Mercedes Citan<br \/>\n<strong>\u2022<\/strong> Dacia Dokker<br \/>\n<strong>\u2022<\/strong> Ford Connect<\/p>\n<p>[\/vc_column_text][\/vc_column][vc_column width=&#8221;2\/3&#8243;][vc_images_carousel images=&#8221;2387,2388,2389,2390,2391,2392&#8243; img_size=&#8221;large&#8221;][\/vc_column][\/vc_row][vc_row full_width=&#8221;stretch_row&#8221; css=&#8221;.vc_custom_1544711567716{border-top-width: 1px !important;background-color: #ffffff !important;background-position: center !important;background-repeat: no-repeat !important;background-size: contain !important;border-top-color: #eaeaea !important;border-top-style: solid !important;}&#8221;][vc_column width=&#8221;1\/3&#8243;][vc_column_text]<\/p>\n<h2>SERIES 30<\/h2>\n<div class=\"image_frame image_item no_link scale-with-grid alignnone no_border\" ><div class=\"image_wrapper\"><img class=\"scale-with-grid\" src=\"http:\/\/www.flligentili.com\/wp-content\/uploads\/2018\/12\/Icona-Fugoni_SERIE-30.png\" alt=\"\" title=\"\" width=\"300\" height=\"50\"\/><\/div><\/div>\n\n<p>&nbsp;<\/p>\n<p class=\"big\">Anbefalt for f\u00f8lgende kj\u00f8ret\u00f8y;<br \/>\n<strong>\u2022<\/strong> Opel Vivaro<br \/>\n<strong>\u2022<\/strong> Renault New Trafic<br \/>\n<strong>\u2022<\/strong> Nissan NV300<br \/>\n<strong>\u2022<\/strong> Volkswagen Transporter T6<br \/>\n<strong>\u2022<\/strong> Mercedes Vito<br \/>\n<strong>\u2022<\/strong> Fiat Talento<br \/>\n<strong>\u2022<\/strong> Ford Custom<\/p>\n<p>[\/vc_column_text][\/vc_column][vc_column width=&#8221;2\/3&#8243;][vc_images_carousel images=&#8221;2393,2394,2395,2396,2397,2398&#8243; img_size=&#8221;large&#8221;][\/vc_column][\/vc_row][vc_row full_width=&#8221;stretch_row&#8221; css=&#8221;.vc_custom_1544711677721{border-top-width: 1px !important;background-color: #ffffff !important;background-position: center !important;background-repeat: no-repeat !important;background-size: contain !important;border-top-color: #eaeaea !important;border-top-style: solid !important;}&#8221;][vc_column width=&#8221;1\/3&#8243;][vc_column_text]<\/p>\n<h2>SERIES 40<\/h2>\n<div class=\"image_frame image_item no_link scale-with-grid alignnone no_border\" ><div class=\"image_wrapper\"><img class=\"scale-with-grid\" src=\"http:\/\/www.flligentili.com\/wp-content\/uploads\/2018\/12\/Icona-Fugoni_SERIE-40-e-50.png\" alt=\"\" title=\"\" width=\"300\" height=\"50\"\/><\/div><\/div>\n\n<p>&nbsp;<\/p>\n<p class=\"big\">Anbefalt for f\u00f8lgende kj\u00f8ret\u00f8y;<br \/>\n<strong>\u2022<\/strong> Fiat Ducato H1<br \/>\n<strong>\u2022<\/strong> Citroen Jumper H1<br \/>\n<strong>\u2022<\/strong> Peugeot Boxer H1<br \/>\n<strong>\u2022<\/strong> Ford Transit H1<br \/>\n<strong>\u2022<\/strong> Iveco Daily H1<br \/>\n<strong>\u2022<\/strong> Opel Movano H1<br \/>\n<strong>\u2022<\/strong> Nissan NV400 H1<br \/>\n<strong>\u2022<\/strong> Renault Master H1<br \/>\n<strong>\u2022<\/strong> Volkswagen Crafter H1<br \/>\n<strong>\u2022<\/strong> Mercedes Sprinter H1<\/p>\n<p>[\/vc_column_text][\/vc_column][vc_column width=&#8221;2\/3&#8243;][vc_images_carousel images=&#8221;2399,2400,2401,2402,2403,2404&#8243; img_size=&#8221;large&#8221;][\/vc_column][\/vc_row][vc_row full_width=&#8221;stretch_row&#8221; css=&#8221;.vc_custom_1544711621851{border-top-width: 1px !important;background-color: #ffffff !important;background-position: center !important;background-repeat: no-repeat !important;background-size: contain !important;border-top-color: #eaeaea !important;border-top-style: solid !important;}&#8221;][vc_column width=&#8221;1\/3&#8243;][vc_column_text]<\/p>\n<h2>SERIES 50<\/h2>\n<div class=\"image_frame image_item no_link scale-with-grid alignnone no_border\" ><div class=\"image_wrapper\"><img class=\"scale-with-grid\" src=\"http:\/\/www.flligentili.com\/wp-content\/uploads\/2018\/12\/Icona-Fugoni_SERIE-40-e-50.png\" alt=\"\" title=\"\" width=\"300\" height=\"50\"\/><\/div><\/div>\n\n<p>&nbsp;<\/p>\n<p class=\"big\">Anbefalt for f\u00f8lgende kj\u00f8ret\u00f8y;<br \/>\n<strong>\u2022<\/strong> Fiat Ducato H2<br \/>\n<strong>\u2022<\/strong> Citroen Jumper H2<br \/>\n<strong>\u2022<\/strong> Peugeot Boxer H2<br \/>\n<strong>\u2022<\/strong> Ford Transit H2<br \/>\n<strong>\u2022<\/strong> Iveco Daily H2<br \/>\n<strong>\u2022<\/strong> Opel Movano H2<br \/>\n<strong>\u2022<\/strong> Nissan NV400 H2<br \/>\n<strong>\u2022<\/strong> Renault Master H2<br \/>\n<strong>\u2022<\/strong> Volkswagen Crafter H2<br \/>\n<strong>\u2022<\/strong> Mercedes Sprinter H2<\/p>\n<p>[\/vc_column_text][\/vc_column][vc_column width=&#8221;2\/3&#8243;][vc_images_carousel images=&#8221;2405,2406,2407,2408,2409,2410&#8243; img_size=&#8221;large&#8221;][\/vc_column][\/vc_row][vc_row full_width=&#8221;stretch_row&#8221; css=&#8221;.vc_custom_1576747338047{padding-bottom: 40px !important;background-color: #ffffff !important;}&#8221;][vc_column][vc_column_text]<div class=\"button_align align_center\"><a class=\"button  button_left button_size_3 button_js\" href=\"https:\/\/www.flligentili.com\/nb\/infinity-varebilinnredning\/\" style=\"background-color:#EAEAEA!important;color:#00355B;\"    ><span class=\"button_icon\"><i class=\"icon-left-open-mini\"  style=\"color:#00355B!important;\"><\/i><\/span><span class=\"button_label\">Tilbake<\/span><\/a><\/div>\n[\/vc_column_text][\/vc_column][\/vc_row][vc_section css=&#8221;.vc_custom_1544603976956{padding-top: 50px !important;}&#8221;][vc_row equal_height=&#8221;yes&#8221; content_placement=&#8221;middle&#8221; css=&#8221;.vc_custom_1544603934278{padding-bottom: 30px !important;}&#8221;][vc_column][vc_column_text css=&#8221;.vc_custom_1762263419128{margin-top: 0px !important;margin-bottom: 0px !important;border-top-width: 0px !important;border-bottom-width: 0px !important;padding-top: 0px !important;padding-bottom: 0px !important;}&#8221;]<div class=\"mfn_heading  align_center\"><h2 class=\"title\" ><span style=\"color: #000;\">Vil du vite mer?<\/span><br \/>\nKontakt oss!<\/h2><\/div>\n[\/vc_column_text][\/vc_column][\/vc_row][vc_row][vc_column width=&#8221;1\/6&#8243;][\/vc_column][vc_column width=&#8221;1\/6&#8243;][\/vc_column][vc_column width=&#8221;1\/6&#8243;]<div class=\"icon_box icon_position_top no_border\"><a class=\"\" href=\"tel:+4769128700\" target=\"_blank\" ><div class=\"icon_wrapper\"><div class=\"icon\"><i class=\"icon-call\"><\/i><\/div><\/div><div class=\"desc_wrapper\"><\/div><\/a><\/div>\n[\/vc_column][vc_column width=&#8221;1\/6&#8243;]<div class=\"icon_box icon_position_top no_border\"><a class=\"\" href=\"mailto:post@iseveien.no\" target=\"_blank\" ><div class=\"icon_wrapper\"><div class=\"icon\"><i class=\"icon-email\"><\/i><\/div><\/div><div class=\"desc_wrapper\"><\/div><\/a><\/div>\n[\/vc_column][vc_column width=&#8221;1\/6&#8243;][\/vc_column][vc_column width=&#8221;1\/6&#8243;][\/vc_column][\/vc_row][\/vc_section]<\/p>\n","protected":false},"excerpt":{"rendered":"<p>[vc_row css=&#8221;.vc_custom_1544541341664{padding-top: 80px !important;padding-bottom: 80px !important;}&#8221;][vc_column][vc_column_text css=&#8221;.vc_custom_1762263257121{margin-bottom: 0px !important;border-bottom-width: 0px !important;padding-bottom: 10px !important;}&#8221;][\/vc_column_text][vc_column_text][\/vc_column_text][vc_column_text][\/vc_column_text][\/vc_column][\/vc_row][vc_row full_width=&#8221;stretch_row&#8221; css=&#8221;.vc_custom_1544542050812{background-color: #ffffff !important;background-position: center !important;background-repeat: no-repeat !important;background-size: contain !important;}&#8221;][vc_column width=&#8221;1\/3&#8243;][vc_column_text] SERIES 10<span class=\"excerpt-hellip\"> [\u2026]<\/span><\/p>\n","protected":false},"author":1,"featured_media":6938,"parent":7194,"menu_order":0,"comment_status":"closed","ping_status":"closed","template":"","meta":[],"_links":{"self":[{"href":"https:\/\/www.flligentili.com\/nb\/wp-json\/wp\/v2\/pages\/7208"}],"collection":[{"href":"https:\/\/www.flligentili.com\/nb\/wp-json\/wp\/v2\/pages"}],"about":[{"href":"https:\/\/www.flligentili.com\/nb\/wp-json\/wp\/v2\/types\/page"}],"author":[{"embeddable":true,"href":"https:\/\/www.flligentili.com\/nb\/wp-json\/wp\/v2\/users\/1"}],"replies":[{"embeddable":true,"href":"https:\/\/www.flligentili.com\/nb\/wp-json\/wp\/v2\/comments?post=7208"}],"version-history":[{"count":4,"href":"https:\/\/www.flligentili.com\/nb\/wp-json\/wp\/v2\/pages\/7208\/revisions"}],"predecessor-version":[{"id":7229,"href":"https:\/\/www.flligentili.com\/nb\/wp-json\/wp\/v2\/pages\/7208\/revisions\/7229"}],"up":[{"embeddable":true,"href":"https:\/\/www.flligentili.com\/nb\/wp-json\/wp\/v2\/pages\/7194"}],"wp:featuredmedia":[{"embeddable":true,"href":"https:\/\/www.flligentili.com\/nb\/wp-json\/wp\/v2\/media\/6938"}],"wp:attachment":[{"href":"https:\/\/www.flligentili.com\/nb\/wp-json\/wp\/v2\/media?parent=7208"}],"curies":[{"name":"wp","href":"https:\/\/api.w.org\/{rel}","templated":true}]}}